{"id":2181,"date":"2026-02-03T16:22:37","date_gmt":"2026-02-03T16:22:37","guid":{"rendered":"https:\/\/www.truhoster.com\/?post_type=product&#038;p=2181"},"modified":"2026-02-03T16:22:37","modified_gmt":"2026-02-03T16:22:37","slug":"yx30-perfect-fit-wireless-earbuds","status":"publish","type":"product","link":"https:\/\/www.truhoster.com\/fr\/produit\/yx30-perfect-fit-wireless-earbuds\/","title":{"rendered":"\u00c9couteurs sans fil YX30 Perfect Fit"},"content":{"rendered":"<p data-start=\"510\" data-end=\"886\" class=\"translation-block\">Les <strong data-start=\"514\" data-end=\"551\">YX30 Perfect Fit Wireless Earbuds<\/strong> sont con\u00e7us pour offrir une exp\u00e9rience d\u2019\u00e9coute exceptionnelle en combinant confort, r\u00e9duction de bruit avanc\u00e9e et technologie intelligente. Pens\u00e9s pour les utilisateurs qui privil\u00e9gient la clart\u00e9 sonore, le design moderne et la praticit\u00e9 au quotidien, les <strong data-start=\"771\" data-end=\"808\">YX30 Perfect Fit Wireless Earbuds<\/strong> conviennent parfaitement aux amateurs de musique, aux professionnels, aux voyageurs et aux utilisateurs actifs.<\/p>\n<h3 data-start=\"888\" data-end=\"930\">Con\u00e7us pour le confort et un ajustement parfait<\/h3>\n<p data-start=\"932\" data-end=\"1308\" class=\"translation-block\">Le confort est un \u00e9l\u00e9ment essentiel dans le choix des \u00e9couteurs, et les <strong data-start=\"987\" data-end=\"1024\">YX30 Perfect Fit Wireless Earbuds<\/strong> portent v\u00e9ritablement bien leur nom. Gr\u00e2ce \u00e0 leur conception intra-auriculaire ergonomique, ces \u00e9couteurs s\u2019adaptent de mani\u00e8re s\u00fbre et naturelle \u00e0 vos oreilles. Que vous soyez en d\u00e9placement, au travail, en train de faire du sport ou de vous d\u00e9tendre, les <strong data-start=\"1215\" data-end=\"1252\">YX30 Perfect Fit Wireless Earbuds<\/strong> restent stables et confortables m\u00eame lors d\u2019une utilisation prolong\u00e9e.<\/p>\n<p data-start=\"1310\" data-end=\"1468\" class=\"translation-block\">Les embouts souples contribuent \u00e0 r\u00e9duire la fatigue auditive tout en am\u00e9liorant l\u2019isolation passive du bruit, rendant les <strong data-start=\"1404\" data-end=\"1441\">YX30 Perfect Fit Wireless Earbuds<\/strong> adapt\u00e9s \u00e0 un port toute la journ\u00e9e.<\/p>\n<h3 data-start=\"1470\" data-end=\"1509\">Bo\u00eetier intelligent avec \u00e9cran interactif<\/h3>\n<p data-start=\"1511\" data-end=\"1855\" class=\"translation-block\">L\u2019une des caract\u00e9ristiques remarquables des <strong data-start=\"1547\" data-end=\"1584\">YX30 Perfect Fit Wireless Earbuds<\/strong> est leur bo\u00eetier de charge intelligent. Contrairement aux bo\u00eetiers standards, ce bo\u00eetier int\u00e8gre un \u00e9cran interactif qui vous permet de contr\u00f4ler directement les fonctions essentielles. Vous pouvez passer d\u2019un mode sonore \u00e0 l\u2019autre, surveiller le niveau de batterie et g\u00e9rer facilement les param\u00e8tres de r\u00e9duction de bruit.<\/p>\n<p data-start=\"1857\" data-end=\"2037\" class=\"translation-block\">Ce bo\u00eetier intelligent innovant rend les <strong data-start=\"1894\" data-end=\"1931\">YX30 Perfect Fit Wireless Earbuds<\/strong> plus intuitifs et faciles \u00e0 utiliser, offrant une exp\u00e9rience haut de gamme g\u00e9n\u00e9ralement r\u00e9serv\u00e9e aux produits audio premium.<\/p>\n<h3 data-start=\"2039\" data-end=\"2084\">Technologie de r\u00e9duction de bruit adaptative v\u00e9ritable<\/h3>\n<p data-start=\"2086\" data-end=\"2397\" class=\"translation-block\">Les <strong data-start=\"2090\" data-end=\"2127\">YX30 Perfect Fit Wireless Earbuds<\/strong> int\u00e8grent une v\u00e9ritable technologie de r\u00e9duction de bruit adaptative qui s\u2019ajuste intelligemment \u00e0 votre environnement. Que vous soyez dans une rue bruyante, un bureau anim\u00e9 ou dans les transports en commun, ces \u00e9couteurs r\u00e9duisent activement les bruits de fond ind\u00e9sirables afin que vous puissiez vous concentrer sur votre musique ou vos appels.<\/p>\n<p data-start=\"2399\" data-end=\"2591\" class=\"translation-block\">Gr\u00e2ce \u00e0 la r\u00e9duction de bruit adaptative (ANC), les <strong data-start=\"2422\" data-end=\"2459\">YX30 Perfect Fit Wireless Earbuds<\/strong> optimisent automatiquement les performances sonores en fonction de votre environnement, offrant une exp\u00e9rience audio claire et immersive en permanence.<\/p>\n<h3 data-start=\"2593\" data-end=\"2638\">Appels d\u2019une clart\u00e9 cristalline et performances vocales<\/h3>\n<p data-start=\"2640\" data-end=\"2935\" class=\"translation-block\">Une communication claire est essentielle, et les <strong data-start=\"2682\" data-end=\"2719\">YX30 Perfect Fit Wireless Earbuds<\/strong> sont con\u00e7us pour offrir des appels impeccables. \u00c9quip\u00e9s de microphones avanc\u00e9s et d\u2019une technologie de r\u00e9duction du bruit, ces \u00e9couteurs garantissent une voix naturelle et nette lors des appels t\u00e9l\u00e9phoniques, des r\u00e9unions vid\u00e9o et des enregistrements vocaux.<\/p>\n<p data-start=\"2937\" data-end=\"3120\" class=\"translation-block\">M\u00eame dans des environnements bruyants, les <strong data-start=\"2969\" data-end=\"3006\">YX30 Perfect Fit Wireless Earbuds<\/strong> aident \u00e0 isoler votre voix, ce qui en fait un excellent choix pour les professionnels, les travailleurs \u00e0 distance et les utilisateurs qui passent fr\u00e9quemment des appels.<\/p>\n<h3 data-start=\"3122\" data-end=\"3155\">Son puissant avec basses profondes<\/h3>\n<p data-start=\"3157\" data-end=\"3499\" class=\"translation-block\"><strong data-start=\"3161\" data-end=\"3198\">\u00c9couteurs sans fil YX30 \u00e0 ajustement parfait<\/strong> offrent un son riche et \u00e9quilibr\u00e9 avec des basses profondes et des aigus clairs. Que vous \u00e9coutiez de la musique, des podcasts ou regardiez des vid\u00e9os, ces \u00e9couteurs procurent une exp\u00e9rience d\u2019\u00e9coute immersive. Le r\u00e9glage audio assure une clart\u00e9 sur toutes les fr\u00e9quences, rendant les <strong data-start=\"3431\" data-end=\"3468\">\u00c9couteurs sans fil YX30 \u00e0 ajustement parfait<\/strong> adapt\u00e9s \u00e0 tous les genres musicaux.<\/p>\n<p data-start=\"3501\" data-end=\"3593\">Des basses puissantes aux voix nettes, chaque d\u00e9tail est optimis\u00e9 pour une exp\u00e9rience audio haut de gamme.<\/p>\n<h3 data-start=\"3595\" data-end=\"3630\">Longue autonomie pour un usage quotidien<\/h3>\n<p data-start=\"3632\" data-end=\"3942\" class=\"translation-block\">\u2019autonomie est un autre atout majeur des <strong data-start=\"3680\" data-end=\"3717\">\u00c9couteurs sans fil YX30 \u00e0 ajustement parfait<\/strong>. Gr\u00e2ce \u00e0 un temps de lecture prolong\u00e9 et \u00e0 un bo\u00eetier de charge intelligent, ces \u00e9couteurs sont con\u00e7us pour tenir toute la journ\u00e9e. Vous pouvez profiter de plusieurs heures d\u2019\u00e9coute continue, et le bo\u00eetier offre plusieurs recharges pour vous accompagner lors de vos d\u00e9placements.<\/p>\n<p data-start=\"3944\" data-end=\"4082\" class=\"translation-block\">Cette autonomie fiable rend les <strong data-start=\"3988\" data-end=\"4025\">\u00c9couteurs sans fil YX30 \u00e0 ajustement parfait<\/strong> id\u00e9aux pour les voyages, les journ\u00e9es de travail et les longues sessions d\u2019\u00e9coute.<\/p>\n<h3 data-start=\"4084\" data-end=\"4130\">Compatibilit\u00e9 multi-appareils et connectivit\u00e9 facile<\/h3>\n<p data-start=\"4132\" data-end=\"4383\" class=\"translation-block\">Les <strong data-start=\"4136\" data-end=\"4173\">\u00c9couteurs sans fil YX30 \u00e0 ajustement parfait<\/strong> prennent en charge la connectivit\u00e9 multi-appareils, permettant un appairage fluide avec les smartphones, les tablettes et d\u2019autres appareils compatibles Bluetooth. La connexion est stable, rapide et fiable, garantissant une lecture audio sans interruption.<\/p>\n<p data-start=\"4385\" data-end=\"4549\" class=\"translation-block\">Le passage d\u2019un appareil \u00e0 un autre est fluide, ce qui rend les <strong data-start=\"4433\" data-end=\"4470\">\u00e9couteurs sans fil YX30 \u00e0 ajustement parfait<\/strong> parfaits pour les utilisateurs qui travaillent et se divertissent sur plusieurs plateformes.<\/p>\n<h3 data-start=\"4551\" data-end=\"4594\">Id\u00e9al pour un usage quotidien et professionnel<\/h3>\n<p data-start=\"4596\" data-end=\"4676\" class=\"translation-block\">Les <strong data-start=\"4600\" data-end=\"4637\">\u00e9couteurs sans fil YX30 \u00e0 ajustement parfait<\/strong> conviennent \u00e0 un large \u00e9ventail d\u2019utilisations :<\/p>\n<ul data-start=\"4677\" data-end=\"4831\">\n<li data-start=\"4677\" data-end=\"4704\">\n<p data-start=\"4679\" data-end=\"4704\">Musique et divertissement<\/p>\n<\/li>\n<li data-start=\"4705\" data-end=\"4739\">\n<p data-start=\"4707\" data-end=\"4739\">Appels t\u00e9l\u00e9phoniques et r\u00e9unions vid\u00e9o<\/p>\n<\/li>\n<li data-start=\"4740\" data-end=\"4764\">\n<p data-start=\"4742\" data-end=\"4764\">Voyages et d\u00e9placements quotidiens<\/p>\n<\/li>\n<li data-start=\"4765\" data-end=\"4797\">\n<p data-start=\"4767\" data-end=\"4797\">Fitness et activit\u00e9s quotidiennes<\/p>\n<\/li>\n<li data-start=\"4798\" data-end=\"4831\">\n<p data-start=\"4800\" data-end=\"4831\">Travail et communication en ligne<\/p>\n<\/li>\n<\/ul>\n<p data-start=\"4833\" data-end=\"4989\" class=\"translation-block\">Leur combinaison de confort, de fonctionnalit\u00e9s intelligentes et de technologie audio avanc\u00e9e fait des <strong data-start=\"4919\" data-end=\"4956\">\u00e9couteurs sans fil YX30 \u00e0 ajustement parfait<\/strong> un choix judicieux** pour les utilisateurs modernes.<\/p>\n<h3 data-start=\"4991\" data-end=\"5044\">Pourquoi choisir les \u00e9couteurs sans fil YX30 Perfect Fit ?<\/h3>\n<ul data-start=\"5046\" data-end=\"5269\">\n<li data-start=\"5046\" data-end=\"5078\">\n<p data-start=\"5048\" data-end=\"5078\">Design ergonomique avec ajustement parfait<\/p>\n<\/li>\n<li data-start=\"5079\" data-end=\"5119\">\n<p data-start=\"5081\" data-end=\"5119\">Bo\u00eetier intelligent avec commandes interactives<\/p>\n<\/li>\n<li data-start=\"5120\" data-end=\"5154\">\n<p data-start=\"5122\" data-end=\"5154\">R\u00e9duction de bruit adaptative intelligente<\/p>\n<\/li>\n<li data-start=\"5155\" data-end=\"5178\">\n<p data-start=\"5157\" data-end=\"5178\">Appels d\u2019une clart\u00e9 cristalline<\/p>\n<\/li>\n<li data-start=\"5179\" data-end=\"5212\">\n<p data-start=\"5181\" data-end=\"5212\">Son puissant avec des basses profondes<\/p>\n<\/li>\n<li data-start=\"5213\" data-end=\"5234\">\n<p data-start=\"5215\" data-end=\"5234\">Longue autonomie de batterie<\/p>\n<\/li>\n<li data-start=\"5235\" data-end=\"5269\">\n<p data-start=\"5237\" data-end=\"5269\">Compatibilit\u00e9 Bluetooth multi-appareils<\/p>\n<\/li>\n<\/ul>\n<p data-start=\"5271\" data-end=\"5429\" class=\"translation-block\">Les <strong>\u00e9couteurs sans fil YX30 Perfect Fit<\/strong> offrent des fonctionnalit\u00e9s haut de gamme \u00e0 un excellent rapport qualit\u00e9-prix, ce qui en fait une solution audio fiable et \u00e9l\u00e9gante pour le quotidien.<\/p>","protected":false},"excerpt":{"rendered":"<p class=\"translation-block\">Les <strong data-start=\"5478\" data-end=\"5515\">YX30 Perfect Fit Wireless Earbuds<\/strong> sont dot\u00e9s d\u2019une r\u00e9duction de bruit adaptative, d\u2019un bo\u00eetier de commande intelligent, de basses profondes et d\u2019appels d\u2019une clart\u00e9 cristalline. Con\u00e7us pour le confort, la performance et un usage quotidien.<\/p>","protected":false},"featured_media":2138,"comment_status":"open","ping_status":"closed","template":"","meta":{"_eb_attr":"","pagelayer_contact_templates":[],"_pagelayer_content":""},"product_brand":[],"product_cat":[20],"product_tag":[],"class_list":{"0":"post-2181","1":"product","2":"type-product","3":"status-publish","4":"has-post-thumbnail","6":"product_cat-earbuds","8":"first","9":"instock","10":"shipping-taxable","11":"product-type-simple"},"_links":{"self":[{"href":"https:\/\/www.truhoster.com\/fr\/wp-json\/wp\/v2\/product\/2181","targetHints":{"allow":["GET"]}}],"collection":[{"href":"https:\/\/www.truhoster.com\/fr\/wp-json\/wp\/v2\/product"}],"about":[{"href":"https:\/\/www.truhoster.com\/fr\/wp-json\/wp\/v2\/types\/product"}],"replies":[{"embeddable":true,"href":"https:\/\/www.truhoster.com\/fr\/wp-json\/wp\/v2\/comments?post=2181"}],"wp:featuredmedia":[{"embeddable":true,"href":"https:\/\/www.truhoster.com\/fr\/wp-json\/wp\/v2\/media\/2138"}],"wp:attachment":[{"href":"https:\/\/www.truhoster.com\/fr\/wp-json\/wp\/v2\/media?parent=2181"}],"wp:term":[{"taxonomy":"product_brand","embeddable":true,"href":"https:\/\/www.truhoster.com\/fr\/wp-json\/wp\/v2\/product_brand?post=2181"},{"taxonomy":"product_cat","embeddable":true,"href":"https:\/\/www.truhoster.com\/fr\/wp-json\/wp\/v2\/product_cat?post=2181"},{"taxonomy":"product_tag","embeddable":true,"href":"https:\/\/www.truhoster.com\/fr\/wp-json\/wp\/v2\/product_tag?post=2181"}],"curies":[{"name":"wp","href":"https:\/\/api.w.org\/{rel}","templated":true}]}}